{"id":1880,"date":"2017-02-25T10:03:08","date_gmt":"2017-02-25T10:03:08","guid":{"rendered":"http:\/\/benefitravel.com\/?page_id=1880"},"modified":"2022-11-04T00:21:13","modified_gmt":"2022-11-03T20:21:13","slug":"quba-qusar-tour","status":"publish","type":"page","link":"https:\/\/benefitravel.com\/az\/quba-qusar-tour\/","title":{"rendered":"Quba-Qusar turu"},"content":{"rendered":"<p>\u0411\u043e\u043b\u044c\u0448\u0438\u043d\u0441\u0442\u0432\u043e \u0436\u0438\u0432\u043e\u043f\u0438\u0441\u043d\u044b\u0445 \u0434\u043e\u0441\u0442\u043e\u043f\u0440\u0438\u043c\u0435\u0447\u0430\u0442\u0435\u043b\u044c\u043d\u043e\u0441\u0442\u0435\u0439 \u0410\u0437\u0435\u0440\u0431\u0430\u0439\u0434\u0436\u0430\u043d\u0430 \u043d\u0430\u0445\u043e\u0434\u044f\u0442\u0441\u044f \u0432 \u0437\u0440\u0435\u043b\u0438\u0449\u043d\u044b\u0445, \u0443\u0441\u0442\u0440\u0435\u043c\u043b\u0435\u043d\u043d\u044b\u043c\u0438\u00a0\u00a0 \u0432\u0432\u0435\u0440\u0445\u00a0 \u0432\u0435\u0440\u0448\u0438\u043d\u0430\u043c\u0438\u00a0\u00a0 \u0433\u043e\u0440\u043d\u043e\u0433\u043e\u00a0 \u0445\u0440\u0435\u0431\u0442\u0430\u00a0\u00a0 \u0411\u043e\u043b\u044c\u0448\u043e\u0433\u043e \u041a\u0430\u0432\u043a\u0430\u0437\u0430\u00a0 \u0438\u043b\u0438\u00a0\u00a0 \u043d\u0430\u00a0 \u0435\u0433\u043e \u043f\u044b\u0448\u043d\u044b\u0445\u00a0\u00a0 \u043b\u0435\u0441\u0438\u0441\u0442\u044b\u0445 \u043f\u0440\u0435\u0434\u0433\u043e\u0440\u044c\u044f\u0445.<\/p>\n<p>\u041e\u0441\u043d\u043e\u0432\u043d\u044b\u0435 \u0434\u043e\u0441\u0442\u043e\u043f\u0440\u0438\u043c\u0435\u0447\u0430\u0442\u0435\u043b\u044c\u043d\u043e\u0441\u0442\u0438\u00a0 \u0421\u0435\u0432\u0435\u0440\u043d\u043e\u0433\u043e \u0410\u0437\u0435\u0440\u0431\u0430\u0439\u0434\u0436\u0430\u043d\u0430 \u043d\u0430\u0447\u0438\u043d\u0430\u044e\u0442\u0441\u044f \u0432\u00a0 \u041a\u0443\u0431\u0435.\u00a0 \u041a\u0443\u0431\u0430 \u043e\u0441\u043d\u043e\u0432\u0430\u043d\u0430 \u0432 XV \u0432\u0435\u043a\u0435. \u0412 1735 \u0433\u043e\u0434\u0443 \u043f\u0440\u0430\u0432\u0438\u0442\u0435\u043b\u044c \u0413\u0443\u0441\u0435\u0439\u043d \u0410\u043b\u0438-\u0445\u0430\u043d \u043f\u0435\u0440\u0435\u043d\u0451\u0441 \u0441\u044e\u0434\u0430 \u0438\u0437 \u0425\u0443\u0434\u0430\u0442\u0430 \u0441\u0432\u043e\u044e \u0440\u0435\u0437\u0438\u0434\u0435\u043d\u0446\u0438\u044e, \u0441\u0434\u0435\u043b\u0430\u0432 \u041a\u0443\u0431\u0443 \u0441\u0442\u043e\u043b\u0438\u0446\u0435\u0439 \u041a\u0443\u0431\u0438\u043d\u0441\u043a\u043e\u0433\u043e \u0445\u0430\u043d\u0441\u0442\u0432\u0430. \u0412\u043e \u0432\u0440\u0435\u043c\u044f \u0440\u0443\u0441\u0441\u043a\u043e-\u043f\u0435\u0440\u0441\u0438\u0434\u0441\u043a\u043e\u0439 \u0432\u043e\u0439\u043d\u044b 1796 \u0433\u043e\u0434\u0430 \u0433\u043e\u0440\u043e\u0434 \u0431\u044b\u043b \u0432\u0440\u0435\u043c\u0435\u043d\u043d\u043e \u0437\u0430\u043d\u044f\u0442 \u0440\u0443\u0441\u0441\u043a\u043e\u0439 \u0430\u0440\u043c\u0438\u0435\u0439.<\/p>\n<p>\u0412 \u041a\u0443\u0431\u0435 \u0438 \u0435\u0435 \u043e\u043a\u0440\u0435\u0441\u0442\u043d\u043e\u0441\u0442\u044f\u0445 \u0435\u0441\u0442\u044c \u043d\u0435 \u043c\u0430\u043b\u043e \u0438\u0441\u0442\u043e\u0440\u0438\u0447\u0435\u0441\u043a\u0438\u0445 \u043f\u0430\u043c\u044f\u0442\u043d\u0438\u043a\u043e\u0432. \u0417\u0434\u0435\u0441\u044c \u0441\u043e\u0445\u0440\u0430\u043d\u0438\u043b\u0438\u0441\u044c \u043c\u043d\u043e\u0433\u043e\u0447\u0438\u0441\u043b\u0435\u043d\u043d\u044b\u0435 \u043c\u0435\u0447\u0435\u0442\u0438 &#8211; \u0421\u043e\u0431\u043e\u0440\u043d\u0430\u044f \u043c\u0435\u0447\u0435\u0442\u044c (XIX \u0432.), \u043c\u0435\u0447\u0435\u0442\u044c \u0421\u0430\u043a\u0438\u043d\u044b-\u0445\u0430\u043d\u0443\u043c (XVIII \u0432.), \u0410\u0440\u0434\u0435\u0431\u0438\u043b\u044c\u0441\u043a\u0430\u044f \u043c\u0435\u0447\u0435\u0442\u044c (XIX \u0432.), \u0437\u043d\u0430\u043c\u0435\u043d\u0438\u0442\u0430\u044f \u043c\u0435\u0447\u0435\u0442\u044c \u0414\u0436\u0443\u043c\u0430. \u0410 \u0442\u0430\u043a\u0436\u0435 \u0414\u043e\u043c \u041a\u0443\u0431\u0438\u043d\u0441\u043a\u043e\u0433\u043e \u0445\u0430\u043d\u0430, \u0441\u0440\u0435\u0434\u043d\u0435\u0432\u0435\u043a\u043e\u0432\u044b\u0435 \u0431\u0430\u043d\u0438 \u0438 \u043a\u0440\u0435\u043f\u043e\u0441\u0442\u044c.<\/p>\n<p>\u0411\u043e\u0433\u0430\u0442\u0430 \u044d\u043a\u0441\u043f\u043e\u0437\u0438\u0446\u0438\u044f \u043c\u0435\u0441\u0442\u043d\u043e\u0433\u043e \u043a\u0440\u0430\u0435\u0432\u0435\u0434\u0447\u0435\u0441\u043a\u043e\u0433\u043e \u043c\u0443\u0437\u0435\u044f, \u0432 \u043a\u043e\u0442\u043e\u0440\u043e\u043c \u043a\u0440\u043e\u043c\u0435 \u043f\u0440\u043e\u0447\u0438\u0445 \u043f\u0440\u0435\u0434\u043c\u0435\u0442\u043e\u0432 \u043c\u0430\u0442\u0435\u0440\u0438\u0430\u043b\u044c\u043d\u043e\u0439 \u043a\u0443\u043b\u044c\u0442\u0443\u0440\u044b \u043f\u0440\u0435\u0434\u0441\u0442\u0430\u0432\u043b\u0435\u043d\u044b \u0438\u0441\u043a\u0443\u0441\u043d\u044b\u0435 \u041a\u0443\u0431\u0438\u043d\u0441\u043a\u0438\u0435\u00a0 \u043a\u043e\u0432\u0440\u044b.<\/p>\n<p><strong>\u0422\u043e\u043f \u0441\u0430\u043c\u044b\u0445 \u043f\u043e\u0441\u0435\u0449\u0430\u0435\u043c\u044b\u0445 \u043c\u0435\u0441\u0442 \u0432 \u0421\u0435\u0432\u0435\u0440\u043d\u043e\u043c \u0410\u0437\u0435\u0440\u0431\u0430\u0439\u0434\u0436\u0430\u043d\u0435.<\/strong><\/p>\n<ul>\n<li>\u0413\u043e\u0440\u0430 \u0411\u0435\u0448\u0431\u0430\u0440\u043c\u0430\u0433<\/li>\n<li>\u0414\u0436\u0443\u043c\u0430 \u041c\u0435\u0447\u0435\u0442\u044c<\/li>\n<li>\u0414\u0440\u0435\u0432\u043d\u044f\u044f \u0413\u0443\u0431\u0430<\/li>\n<li>\u041e\u0437\u0435\u0440\u043e \u0427\u0430\u043d\u043b\u0438\u0431\u0435\u043b\u044c<\/li>\n<li>\u0413\u0430\u0447\u0440\u0435\u0448<\/li>\n<li>\u0421\u0435\u043b\u043e \u041b\u0430\u0437\u0430<\/li>\n<li>\u0413\u043e\u0440\u043d\u043e-\u043b\u044b\u0436\u043d\u044b\u0439 \u043a\u0443\u0440\u043e\u0440\u0442 \u0428\u0430\u0445\u0434\u0430\u0433<\/li>\n<\/ul>\n<p><img loading=\"lazy\" decoding=\"async\" class=\"alignleft wp-image-2105 size-thumbnail\" src=\"http:\/\/benefitravel.com\/wp-content\/uploads\/2017\/02\/Be\u015f-barmaq-da\u011f\u0131-3-150x150.jpg\" width=\"150\" height=\"150\" data-id=\"2105\" srcset=\"https:\/\/benefitravel.com\/wp-content\/uploads\/2017\/02\/Be\u015f-barmaq-da\u011f\u0131-3-150x150.jpg 150w, https:\/\/benefitravel.com\/wp-content\/uploads\/2017\/02\/Be\u015f-barmaq-da\u011f\u0131-3-300x300.jpg 300w, https:\/\/benefitravel.com\/wp-content\/uploads\/2017\/02\/Be\u015f-barmaq-da\u011f\u0131-3-100x100.jpg 100w\" sizes=\"auto, (max-width: 150px) 100vw, 150px\" \/> <img loading=\"lazy\" decoding=\"async\" class=\"alignleft wp-image-2106 size-thumbnail\" src=\"http:\/\/benefitravel.com\/wp-content\/uploads\/2017\/02\/\u00c7\u0259nlibel-g\u00f6l\u00fc-1-150x150.jpg\" width=\"150\" height=\"150\" data-id=\"2106\" srcset=\"https:\/\/benefitravel.com\/wp-content\/uploads\/2017\/02\/\u00c7\u0259nlibel-g\u00f6l\u00fc-1-150x150.jpg 150w, https:\/\/benefitravel.com\/wp-content\/uploads\/2017\/02\/\u00c7\u0259nlibel-g\u00f6l\u00fc-1-300x300.jpg 300w, https:\/\/benefitravel.com\/wp-content\/uploads\/2017\/02\/\u00c7\u0259nlibel-g\u00f6l\u00fc-1-768x768.jpg 768w, https:\/\/benefitravel.com\/wp-content\/uploads\/2017\/02\/\u00c7\u0259nlibel-g\u00f6l\u00fc-1-1024x1024.jpg 1024w, https:\/\/benefitravel.com\/wp-content\/uploads\/2017\/02\/\u00c7\u0259nlibel-g\u00f6l\u00fc-1.jpg 1080w\" sizes=\"auto, (max-width: 150px) 100vw, 150px\" \/> <img loading=\"lazy\" decoding=\"async\" class=\"alignleft wp-image-2107 size-thumbnail\" src=\"http:\/\/benefitravel.com\/wp-content\/uploads\/2017\/02\/C\u00fcm\u0259-m\u0259scidi-2-150x150.jpg\" width=\"150\" height=\"150\" data-id=\"2107\" srcset=\"https:\/\/benefitravel.com\/wp-content\/uploads\/2017\/02\/C\u00fcm\u0259-m\u0259scidi-2-150x150.jpg 150w, https:\/\/benefitravel.com\/wp-content\/uploads\/2017\/02\/C\u00fcm\u0259-m\u0259scidi-2-300x300.jpg 300w, https:\/\/benefitravel.com\/wp-content\/uploads\/2017\/02\/C\u00fcm\u0259-m\u0259scidi-2-100x100.jpg 100w\" sizes=\"auto, (max-width: 150px) 100vw, 150px\" \/> <img loading=\"lazy\" decoding=\"async\" class=\"alignleft wp-image-2108 size-thumbnail\" src=\"http:\/\/benefitravel.com\/wp-content\/uploads\/2017\/02\/\u015eahda\u011f-1-150x150.jpg\" width=\"150\" height=\"150\" data-id=\"2108\" \/><\/p>\n<span class=\"kt-load-after-post\"><\/span>","protected":false},"excerpt":{"rendered":"<p>\u0411\u043e\u043b\u044c\u0448\u0438\u043d\u0441\u0442\u0432\u043e \u0436\u0438\u0432\u043e\u043f\u0438\u0441\u043d\u044b\u0445 \u0434\u043e\u0441\u0442\u043e\u043f\u0440\u0438\u043c\u0435\u0447\u0430\u0442\u0435\u043b\u044c\u043d\u043e\u0441\u0442\u0435\u0439 \u0410\u0437\u0435\u0440\u0431\u0430\u0439\u0434\u0436\u0430\u043d\u0430 \u043d\u0430\u0445\u043e\u0434\u044f\u0442\u0441\u044f \u0432 \u0437\u0440\u0435\u043b\u0438\u0449\u043d\u044b\u0445, \u0443\u0441\u0442\u0440\u0435\u043c\u043b\u0435\u043d\u043d\u044b\u043c\u0438\u00a0\u00a0 \u0432\u0432\u0435\u0440\u0445\u00a0 \u0432\u0435\u0440\u0448\u0438\u043d\u0430\u043c\u0438\u00a0\u00a0 \u0433\u043e\u0440\u043d\u043e\u0433\u043e\u00a0 \u0445\u0440\u0435\u0431\u0442\u0430\u00a0\u00a0 \u0411\u043e\u043b\u044c\u0448\u043e\u0433\u043e \u041a\u0430\u0432\u043a\u0430\u0437\u0430\u00a0 \u0438\u043b\u0438\u00a0\u00a0 \u043d\u0430\u00a0 \u0435\u0433\u043e \u043f\u044b\u0448\u043d\u044b\u0445\u00a0\u00a0 \u043b\u0435\u0441\u0438\u0441\u0442\u044b\u0445 \u043f\u0440\u0435\u0434\u0433\u043e\u0440\u044c\u044f\u0445. \u041e\u0441\u043d\u043e\u0432\u043d\u044b\u0435 \u0434\u043e\u0441\u0442\u043e\u043f\u0440\u0438\u043c\u0435\u0447\u0430\u0442\u0435\u043b\u044c\u043d\u043e\u0441\u0442\u0438\u00a0 \u0421\u0435\u0432\u0435\u0440\u043d\u043e\u0433\u043e \u0410\u0437\u0435\u0440\u0431\u0430\u0439\u0434\u0436\u0430\u043d\u0430 \u043d\u0430\u0447\u0438\u043d\u0430\u044e\u0442\u0441\u044f \u0432\u00a0 \u041a\u0443\u0431\u0435.\u00a0 \u041a\u0443\u0431\u0430 \u043e\u0441\u043d\u043e\u0432\u0430\u043d\u0430 \u0432 XV \u0432\u0435\u043a\u0435. \u0412 1735 \u0433\u043e\u0434\u0443 \u043f\u0440\u0430\u0432\u0438\u0442\u0435\u043b\u044c \u0413\u0443\u0441\u0435\u0439\u043d \u0410\u043b\u0438-\u0445\u0430\u043d \u043f\u0435\u0440\u0435\u043d\u0451\u0441 \u0441\u044e\u0434\u0430 &hellip; <a class=\"kt-excerpt-readmore\" href=\"https:\/\/benefitravel.com\/az\/quba-qusar-tour\/\" aria-label=\"Quba-Qusar turu\">Read More<\/a><\/p>\n","protected":false},"author":1,"featured_media":0,"parent":0,"menu_order":0,"comment_status":"closed","ping_status":"closed","template":"page-fullwidth.php","meta":{"footnotes":""},"class_list":["post-1880","page","type-page","status-publish","hentry"],"translation":{"provider":"WPGlobus","version":"3.0.0","language":"az","enabled_languages":["ru","en","az"],"languages":{"ru":{"title":true,"content":true,"excerpt":false},"en":{"title":true,"content":false,"excerpt":false},"az":{"title":true,"content":false,"excerpt":false}}},"_links":{"self":[{"href":"https:\/\/benefitravel.com\/az\/wp-json\/wp\/v2\/pages\/1880","targetHints":{"allow":["GET"]}}],"collection":[{"href":"https:\/\/benefitravel.com\/az\/wp-json\/wp\/v2\/pages"}],"about":[{"href":"https:\/\/benefitravel.com\/az\/wp-json\/wp\/v2\/types\/page"}],"author":[{"embeddable":true,"href":"https:\/\/benefitravel.com\/az\/wp-json\/wp\/v2\/users\/1"}],"replies":[{"embeddable":true,"href":"https:\/\/benefitravel.com\/az\/wp-json\/wp\/v2\/comments?post=1880"}],"version-history":[{"count":6,"href":"https:\/\/benefitravel.com\/az\/wp-json\/wp\/v2\/pages\/1880\/revisions"}],"predecessor-version":[{"id":2524,"href":"https:\/\/benefitravel.com\/az\/wp-json\/wp\/v2\/pages\/1880\/revisions\/2524"}],"wp:attachment":[{"href":"https:\/\/benefitravel.com\/az\/wp-json\/wp\/v2\/media?parent=1880"}],"curies":[{"name":"wp","href":"https:\/\/api.w.org\/{rel}","templated":true}]}}