{"id":1909,"date":"2017-02-25T10:31:15","date_gmt":"2017-02-25T10:31:15","guid":{"rendered":"http:\/\/benefitravel.com\/?page_id=1909"},"modified":"2017-03-09T17:13:12","modified_gmt":"2017-03-09T13:13:12","slug":"%d0%ba%d1%80%d0%b0%d1%81%d0%be%d1%82%d0%b0-%d1%81%d0%be%d0%b7%d0%b4%d0%b0%d0%bd%d0%bd%d0%b0%d1%8f-%d1%87%d0%b5%d0%bb%d0%be%d0%b2%d0%b5%d0%ba%d0%be%d0%bc","status":"publish","type":"page","link":"https:\/\/benefitravel.com\/az\/%d0%ba%d1%80%d0%b0%d1%81%d0%be%d1%82%d0%b0-%d1%81%d0%be%d0%b7%d0%b4%d0%b0%d0%bd%d0%bd%d0%b0%d1%8f-%d1%87%d0%b5%d0%bb%d0%be%d0%b2%d0%b5%d0%ba%d0%be%d0%bc\/","title":{"rendered":"\u0130nsan \u0259li il\u0259 yaranm\u0131\u015f g\u00f6z\u0259llikl\u0259r"},"content":{"rendered":"<p>\u041a\u0440\u0430\u0441\u043e\u0442\u0430, \u0441\u043e\u0437\u0434\u0430\u043d\u043d\u0430\u044f \u0440\u0443\u043a\u0430\u043c\u0438 \u0447\u0435\u043b\u043e\u0432\u0435\u043a\u0430, \u043e\u0431\u043b\u0430\u0434\u0430\u0435\u0442 \u0443\u0434\u0438\u0432\u0438\u0442\u0435\u043b\u044c\u043d\u044b\u043c\u0438 \u0441\u0432\u043e\u0439\u0441\u0442\u0432\u0430\u043c\u0438,\u00a0 \u043a\u0430\u043a\u00a0 \u043f\u043e\u0441\u0442\u0438\u0436\u0435\u043d\u0438\u0435\u00a0 \u0441\u043c\u044b\u0441\u043b\u0430\u00a0 \u0441\u043e\u0431\u0441\u0442\u0432\u0435\u043d\u043d\u043e\u0433\u043e\u00a0 \u0431\u044b\u0442\u0438\u044f\u00a0 \u0438\u00a0 \u0434\u0443\u0445\u043e\u0432\u043d\u043e\u0433\u043e\u00a0 \u043c\u0438\u0440\u0430,\u00a0 \u0432\u00a0 \u043e\u0441\u043d\u043e\u0432\u043d\u043e\u043c,\u00a0 \u043e\u043d\u0430\u00a0 \u0434\u043b\u044f\u00a0 \u043a\u0430\u0436\u0434\u043e\u0433\u043e\u00a0 \u0447\u0435\u043b\u043e\u0432\u0435\u043a\u0430\u00a0 \u0441\u0432\u043e\u044f,\u00a0 \u0441\u00a0 \u0441\u043e\u0431\u0441\u0442\u0432\u0435\u043d\u043d\u044b\u043c \u00a0\u0432\u043a\u0443\u0441\u043e\u043c\u00a0 \u0438\u00a0 \u043f\u0440\u0435\u0434\u043f\u043e\u0447\u0442\u0435\u043d\u0438\u044f\u043c\u0438.\u00a0 \u041d\u043e\u00a0 \u0435\u0441\u0442\u044c\u00a0 \u0438 \u043e\u0431\u0449\u0435\u043f\u0440\u0438\u043d\u044f\u0442\u044b\u0435\u00a0 \u0448\u0435\u0434\u0435\u0432\u0440\u044b\u00a0 \u0441\u043e\u0437\u0434\u0430\u043d\u0438\u044f\u00a0 \u0440\u0443\u043a\u00a0 \u0447\u0435\u043b\u043e\u0432\u0435\u0447\u0435\u0441\u043a\u0438\u0445\u00a0 \u2014 \u00a0\u00a0\u0438\u0445\u00a0 \u043d\u0430\u0437\u044b\u0432\u0430\u044e\u0442\u00a0 \u0447\u0443\u0434\u043e\u00a0 \u0441\u0432\u0435\u0442\u0430.<\/p>\n<p>\u041d\u0430\u043f\u0440\u0438\u043c\u0435\u0440,\u00a0 \u041f\u0438\u0440\u0430\u043c\u0438\u0434\u0430 \u0425\u0435\u043e\u043f\u0441\u0430- \u0435\u0434\u0438\u043d\u0441\u0442\u0432\u0435\u043d\u043d\u043e\u0435 \u0438\u0437 \u0441\u043e\u0445\u0440\u0430\u043d\u0438\u0432\u0448\u0438\u0445\u0441\u044f \u0421\u0435\u043c\u0438 \u0447\u0443\u0434\u0435\u0441 \u0441\u0432\u0435\u0442\u0430.<\/p>\n<p>\u0412\u044b\u0441\u043e\u0442\u0430 \u0441\u0430\u043c\u043e\u0439 \u0431\u043e\u043b\u044c\u0448\u043e\u0439 \u043f\u0438\u0440\u0430\u043c\u0438\u0434\u044b \u0415\u0433\u0438\u043f\u0442\u0430 \u043d\u0430 \u0441\u0435\u0433\u043e\u0434\u043d\u044f\u0448\u043d\u0438\u0439 \u0434\u0435\u043d\u044c \u2014 140 \u043c\u0435\u0442\u0440\u043e\u0432, \u0430 \u043e\u0431\u0449\u0430\u044f \u043f\u043b\u043e\u0449\u0430\u0434\u044c \u0431\u043e\u043b\u0435\u0435 5 \u0433\u0430. \u041f\u0438\u0440\u0430\u043c\u0438\u0434\u0430 \u0425\u0435\u043e\u043f\u0441\u0430 \u0441\u043b\u043e\u0436\u0435\u043d\u0430\u00a0\u2014 \u0432\u043d\u0438\u043c\u0430\u043d\u0438\u0435\u00a0\u2014 \u0438\u0437 2,5\u00a0\u043c\u043b\u043d \u043a\u0430\u043c\u0435\u043d\u043d\u044b\u0445 \u0431\u043b\u043e\u043a\u043e\u0432! \u0427\u0442\u043e\u0431\u044b \u0434\u043e\u0441\u0442\u0430\u0432\u0438\u0442\u044c \u044d\u0442\u0438 \u0433\u043b\u044b\u0431\u044b \u043a \u043c\u0435\u0441\u0442\u0443 \u0441\u0442\u0440\u043e\u0438\u0442\u0435\u043b\u044c\u0441\u0442\u0432\u0430, \u0434\u0440\u0435\u0432\u043d\u0438\u043c \u0435\u0433\u0438\u043f\u0442\u044f\u043d\u0430\u043c \u043f\u0440\u0438\u0445\u043e\u0434\u0438\u043b\u043e\u0441\u044c \u043f\u0440\u0435\u043e\u0434\u043e\u043b\u0435\u0432\u0430\u0442\u044c \u0440\u0430\u0441\u0441\u0442\u043e\u044f\u043d\u0438\u044f \u0432 \u0441\u043e\u0442\u043d\u0438 \u043a\u0438\u043b\u043e\u043c\u0435\u0442\u0440\u043e\u0432! \u041d\u0430 \u0432\u043e\u0437\u0432\u0435\u0434\u0435\u043d\u0438\u0435 \u043f\u0438\u0440\u0430\u043c\u0438\u0434\u044b \u0425\u0435\u043e\u043f\u0441\u0430 \u0443\u0448\u043b\u043e \u0446\u0435\u043b\u044b\u0445 20 \u043b\u0435\u0442.<\/p>\n<p>\u042d\u0439\u0444\u0435\u043b\u0435\u0432\u0430 \u0431\u0430\u0448\u043d\u044f,\u00a0 \u0432\u00a0 \u041f\u0430\u0440\u0438\u0436\u0435,\u00a0 \u043e\u0434\u043d\u043e \u0438\u0437 \u0441\u0430\u043c\u044b\u0445 \u0437\u043d\u0430\u043c\u0435\u043d\u0438\u0442\u044b\u0445 \u0441\u043e\u043e\u0440\u0443\u0436\u0435\u043d\u0438\u0439 \u043c\u0438\u0440\u0430. \u0411\u0430\u0448\u043d\u044f \u0438\u043c\u0435\u0435\u0442 \u0432\u044b\u0441\u043e\u0442\u0443 324 \u043c\u0435\u0442\u0440\u0430, \u0432\u0435\u0441\u0438\u0442 \u0446\u0435\u043b\u044b\u0445 10 000 \u0442\u043e\u043d\u043d \u0438 \u0443\u0434\u0435\u0440\u0436\u0438\u0432\u0430\u0435\u0442\u0441\u044f 2,5 \u043c\u0438\u043b\u043b\u0438\u043e\u043d\u0430\u043c\u0438 \u0432\u0438\u043d\u0442\u043e\u0432 \u0438 \u0437\u0430\u043a\u043b\u0435\u043f\u043e\u043a, \u043e\u0434\u043d\u0430\u043a\u043e \u043d\u0435\u0441\u043c\u043e\u0442\u0440\u044f \u043d\u0430 \u044d\u0442\u043e,\u00a0\u00a0 \u0432 \u0432\u0435\u0442\u0440\u0435\u043d\u043d\u0443\u044e \u043f\u043e\u0433\u043e\u0434\u0443 \u043a\u0430\u0447\u0430\u0435\u0442\u0441\u044f \u0432 \u0441\u0442\u043e\u0440\u043e\u043d\u044b \u043d\u0430 \u0440\u0430\u0441\u0441\u0442\u043e\u044f\u043d\u0438\u0435 \u0434\u043e 7 \u0441\u0430\u043d\u0442\u0438\u043c\u0435\u0442\u0440\u043e\u0432!<\/p>\n<p>\u042d\u043c\u043f\u0430\u0439\u0440 \u0421\u0442\u0435\u0439\u0442 \u0411\u0438\u043b\u0434\u0438\u043d\u0433, \u041d\u044c\u044e-\u0419\u043e\u0440\u043a.\u00a0 \u0423\u0436\u0435 \u0431\u043e\u043b\u0435\u0435 80 \u043b\u0435\u0442 \u043e\u0441\u0442\u0430\u0435\u0442\u0441\u044f \u043e\u0434\u043d\u0438\u043c \u0438\u0437 \u0441\u0438\u043c\u0432\u043e\u043b\u043e\u0432 \u041d\u044c\u044e-\u0419\u043e\u0440\u043a\u0430. 102 \u044d\u0442\u0430\u0436\u0430 \u0437\u0434\u0430\u043d\u0438\u044f \u0432\u043e\u0437\u0432\u0435\u043b\u0438 \u0432\u0441\u0435\u0433\u043e \u0437\u0430 410 \u0434\u043d\u0435\u0439!<\/p>\n<p>\u0412\u0435\u043b\u0438\u043a\u0430\u044f \u041a\u0438\u0442\u0430\u0439\u0441\u043a\u0430\u044f \u0421\u0442\u0435\u043d\u0430, \u041f\u0435\u043a\u0438\u043d.\u00a0 \u0412\u043e\u0437\u0432\u043e\u0434\u0438\u043b\u0430\u0441\u044c \u043c\u043d\u043e\u0433\u043e \u043b\u0435\u0442 \u0432 \u0442\u0435\u0447\u0435\u043d\u0438\u0435 \u043f\u0440\u0430\u0432\u043b\u0435\u043d\u0438\u044f \u043c\u043d\u043e\u0433\u043e\u0447\u0438\u0441\u043b\u0435\u043d\u043d\u044b\u0445 \u043a\u0438\u0442\u0430\u0439\u0441\u043a\u0438\u0445 \u0434\u0438\u043d\u0430\u0441\u0442\u0438\u0439 \u0434\u043b\u044f \u0437\u0430\u0449\u0438\u0442\u044b \u0441\u0435\u0432\u0435\u0440\u043d\u044b\u0445 \u0433\u0440\u0430\u043d\u0438\u0446 \u041a\u0438\u0442\u0430\u0439\u0441\u043a\u043e\u0439 \u0418\u043c\u043f\u0435\u0440\u0438\u0438. \u0421\u0442\u0435\u043d\u0430 \u043f\u0440\u043e\u0441\u0442\u0438\u0440\u0430\u0435\u0442\u0441\u044f \u043d\u0430 6400 \u043a\u0438\u043b\u043e\u043c\u0435\u0442\u0440\u043e\u0432 \u0441 \u0432\u043e\u0441\u0442\u043e\u043a\u0430 \u043d\u0430 \u0437\u0430\u043f\u0430\u0434, \u0438\u043c\u0435\u0435\u0442 \u0448\u0438\u0440\u0438\u043d\u0443 \u0434\u043e 9 \u043c\u0435\u0442\u0440\u043e\u0432 \u0438 \u0432 \u043e\u043f\u0440\u0435\u0434\u0435\u043b\u0435\u043d\u043d\u044b\u0439 \u043c\u043e\u043c\u0435\u043d\u0442 \u043e\u0445\u0440\u0430\u043d\u044f\u043b\u0430\u0441\u044c \u0431\u043e\u043b\u0435\u0435 \u0447\u0435\u043c \u043c\u0438\u043b\u043b\u0438\u043e\u043d\u043e\u043c \u0432\u043e\u0435\u043d\u043d\u044b\u0445.<\/p>\n<p><img loading=\"lazy\" decoding=\"async\" class=\"alignleft wp-image-2406 size-thumbnail\" src=\"http:\/\/benefitravel.com\/wp-content\/uploads\/2017\/02\/misir-1-150x150.jpg\" width=\"150\" height=\"150\" data-id=\"2406\" srcset=\"https:\/\/benefitravel.com\/wp-content\/uploads\/2017\/02\/misir-1-150x150.jpg 150w, https:\/\/benefitravel.com\/wp-content\/uploads\/2017\/02\/misir-1-300x300.jpg 300w, https:\/\/benefitravel.com\/wp-content\/uploads\/2017\/02\/misir-1-100x100.jpg 100w\" sizes=\"auto, (max-width: 150px) 100vw, 150px\" \/> <img loading=\"lazy\" decoding=\"async\" class=\"alignleft wp-image-2189 size-thumbnail\" src=\"http:\/\/benefitravel.com\/wp-content\/uploads\/2017\/02\/Eiffel2-150x150.jpg\" width=\"150\" height=\"150\" data-id=\"2189\" srcset=\"https:\/\/benefitravel.com\/wp-content\/uploads\/2017\/02\/Eiffel2-150x150.jpg 150w, https:\/\/benefitravel.com\/wp-content\/uploads\/2017\/02\/Eiffel2-300x300.jpg 300w, https:\/\/benefitravel.com\/wp-content\/uploads\/2017\/02\/Eiffel2-100x100.jpg 100w\" sizes=\"auto, (max-width: 150px) 100vw, 150px\" \/><img loading=\"lazy\" decoding=\"async\" class=\"alignleft wp-image-2407 size-thumbnail\" src=\"http:\/\/benefitravel.com\/wp-content\/uploads\/2017\/02\/empire-150x150.jpg\" width=\"150\" height=\"150\" data-id=\"2407\" \/> <img loading=\"lazy\" decoding=\"async\" class=\"alignleft wp-image-2408 size-thumbnail\" src=\"http:\/\/benefitravel.com\/wp-content\/uploads\/2017\/02\/empire2-150x150.jpg\" width=\"150\" height=\"150\" data-id=\"2408\" \/><img loading=\"lazy\" decoding=\"async\" class=\"alignleft wp-image-2192 size-thumbnail\" src=\"http:\/\/benefitravel.com\/wp-content\/uploads\/2017\/02\/Great-Wall-150x150.jpg\" width=\"150\" height=\"150\" data-id=\"2192\" srcset=\"https:\/\/benefitravel.com\/wp-content\/uploads\/2017\/02\/Great-Wall-150x150.jpg 150w, https:\/\/benefitravel.com\/wp-content\/uploads\/2017\/02\/Great-Wall-300x300.jpg 300w, https:\/\/benefitravel.com\/wp-content\/uploads\/2017\/02\/Great-Wall-100x100.jpg 100w\" sizes=\"auto, (max-width: 150px) 100vw, 150px\" \/><img loading=\"lazy\" decoding=\"async\" class=\"alignleft wp-image-2409 size-thumbnail\" src=\"http:\/\/benefitravel.com\/wp-content\/uploads\/2017\/02\/France-Eiffel-Tower-150x150.jpg\" width=\"150\" height=\"150\" data-id=\"2409\" srcset=\"https:\/\/benefitravel.com\/wp-content\/uploads\/2017\/02\/France-Eiffel-Tower-150x150.jpg 150w, https:\/\/benefitravel.com\/wp-content\/uploads\/2017\/02\/France-Eiffel-Tower-300x300.jpg 300w, https:\/\/benefitravel.com\/wp-content\/uploads\/2017\/02\/France-Eiffel-Tower-100x100.jpg 100w\" sizes=\"auto, (max-width: 150px) 100vw, 150px\" \/><\/p>\n<p>&nbsp;<\/p>\n<p>&nbsp;<\/p>\n<p>&nbsp;<\/p>\n<p>&nbsp;<\/p>\n<p>&nbsp;<\/p>\n<p>&nbsp;<\/p>\n<p>&nbsp;<\/p>\n<p>\u0414\u0435\u0432\u0438\u0447\u044c\u044f \u0431\u0430\u0448\u043d\u044f ( Q\u0131z Qalas\u0131 \u2014 \u0413\u044b\u0437 \u0433\u0430\u043b\u0430\u0441\u044b) \u2014 \u0434\u0440\u0435\u0432\u043d\u044f\u044f \u043a\u0440\u0435\u043f\u043e\u0441\u0442\u043d\u0430\u044f \u043f\u043e\u0441\u0442\u0440\u043e\u0439\u043a\u0430 \u0443 \u043f\u0440\u0438\u0431\u0440\u0435\u0436\u043d\u043e\u0439 \u0447\u0430\u0441\u0442\u0438 \u00ab\u0421\u0442\u0430\u0440\u043e\u0433\u043e \u0433\u043e\u0440\u043e\u0434\u0430\u00bb \u0418\u0447\u0435\u0440\u0438-\u0448\u0435\u0445\u0435\u0440. \u042f\u0432\u043b\u044f\u0435\u0442\u0441\u044f \u043e\u0434\u043d\u0438\u043c \u0438\u0437 \u0432\u0430\u0436\u043d\u0435\u0439\u0448\u0438\u0445 \u043a\u043e\u043c\u043f\u043e\u043d\u0435\u043d\u0442\u043e\u0432 \u043f\u0440\u0438\u043c\u043e\u0440\u0441\u043a\u043e\u0433\u043e \u00ab\u0444\u0430\u0441\u0430\u0434\u0430\u00bb \u0411\u0430\u043a\u0443. \u0415\u0451 \u0441\u0443\u0440\u043e\u0432\u044b\u0439 \u043c\u0430\u0441\u0441\u0438\u0432 \u0432\u043e\u0437\u0432\u044b\u0448\u0430\u0435\u0442\u0441\u044f \u0432 \u043f\u0440\u0438\u0431\u0440\u0435\u0436\u043d\u043e\u0439 \u0447\u0430\u0441\u0442\u0438 \u0444\u0435\u043e\u0434\u0430\u043b\u044c\u043d\u043e\u0433\u043e \u0433\u043e\u0440\u043e\u0434\u0430 \u2014 \u041a\u0440\u0435\u043f\u043e\u0441\u0442\u0438, \u0438\u043b\u0438 \u0418\u0447\u0435\u0440\u0438-\u0448\u0435\u0445\u0435\u0440. \u0411\u0430\u0448\u043d\u044f \u0441\u0442\u043e\u0438\u0442 \u043d\u0430 \u0441\u043a\u0430\u043b\u0435, \u0447\u0430\u0441\u0442\u0438\u0447\u043d\u043e \u043e\u0431\u043b\u0438\u0446\u043e\u0432\u0430\u043d\u043d\u043e\u0439 \u0447\u0438\u0441\u0442\u043e \u0442\u0451\u0441\u0430\u043d\u044b\u043c \u043a\u0430\u043c\u043d\u0435\u043c \u0438 \u0437\u0430\u0449\u0438\u0449\u0451\u043d\u043d\u043e\u0439 \u043a\u0440\u0435\u043f\u043e\u0441\u0442\u043d\u043e\u0439 \u0441\u0442\u0435\u043d\u043e\u0439 \u0441 \u0441\u0438\u0441\u0442\u0435\u043c\u043e\u0439 \u043a\u0440\u0443\u043f\u043d\u044b\u0445 \u043f\u043e\u043b\u0443\u043a\u0440\u0443\u0433\u043b\u044b\u0445 \u0432\u044b\u0441\u0442\u0443\u043f\u043e\u0432, \u043f\u043e\u0434\u043d\u0438\u043c\u0430\u044e\u0449\u0438\u0445\u0441\u044f \u043e\u0442 \u043f\u043e\u0434\u043d\u043e\u0436\u0438\u044f \u043f\u043e\u0447\u0442\u0438 \u0434\u043e \u0441\u0430\u043c\u043e\u0439 \u0432\u0435\u0440\u0448\u0438\u043d\u044b.<\/p>\n<p>\u0414\u0432\u043e\u0440\u0435\u0446 \u0428\u0438\u0440\u0432\u0430\u043d\u0448\u0430\u0445\u043e\u0432 (\u015eirvan\u015fahlar saray\u0131) \u2014 \u0431\u044b\u0432\u0448\u0430\u044f \u0440\u0435\u0437\u0438\u0434\u0435\u043d\u0446\u0438\u044f \u0428\u0438\u0440\u0432\u0430\u043d\u0448\u0430\u0445\u043e\u0432 (\u043f\u0440\u0430\u0432\u0438\u0442\u0435\u043b\u0435\u0439 \u0428\u0438\u0440\u0432\u0430\u043d\u0430), \u0440\u0430\u0441\u043f\u043e\u043b\u043e\u0436\u0435\u043d\u043d\u0430\u044f \u0432 \u0441\u0442\u043e\u043b\u0438\u0446\u0435 \u0410\u0437\u0435\u0440\u0431\u0430\u0439\u0434\u0436\u0430\u043d\u0430, \u0433\u043e\u0440\u043e\u0434\u0435 \u0411\u0430\u043a\u0443. \u041e\u0431\u0440\u0430\u0437\u0443\u0435\u0442 \u043a\u043e\u043c\u043f\u043b\u0435\u043a\u0441, \u043a\u0443\u0434\u0430 \u043f\u043e\u043c\u0438\u043c\u043e \u0441\u0430\u043c\u043e\u0433\u043e \u0434\u0432\u043e\u0440\u0446\u0430 \u0442\u0430\u043a\u0436\u0435 \u0432\u0445\u043e\u0434\u044f\u0442 \u0434\u0432\u043e\u0440\u0438\u043a \u0414\u0438\u0432\u0430\u043d-\u0445\u0430\u043d\u0435, \u0443\u0441\u044b\u043f\u0430\u043b\u044c\u043d\u0438\u0446\u0430 \u0428\u0438\u0440\u0432\u0430\u043d\u0448\u0430\u0445\u043e\u0432, \u0434\u0432\u043e\u0440\u0446\u043e\u0432\u0430\u044f \u043c\u0435\u0447\u0435\u0442\u044c 1441 \u0433\u043e\u0434\u0430 \u0441 \u043c\u0438\u043d\u0430\u0440\u0435\u0442\u043e\u043c, \u0431\u0430\u043d\u044f \u0438 \u043c\u0430\u0432\u0437\u043e\u043b\u0435\u0439 \u043f\u0440\u0438\u0434\u0432\u043e\u0440\u043d\u043e\u0433\u043e \u0443\u0447\u0451\u043d\u043e\u0433\u043e \u0421\u0435\u0439\u0438\u0434\u0430 \u042f\u0445\u044c\u044f \u0411\u0430\u043a\u0443\u0432\u0438. \u0414\u0432\u043e\u0440\u0446\u043e\u0432\u044b\u0439 \u043a\u043e\u043c\u043f\u043b\u0435\u043a\u0441 \u0431\u044b\u043b \u043f\u043e\u0441\u0442\u0440\u043e\u0435\u043d \u0432 \u043f\u0435\u0440\u0438\u043e\u0434 \u0441 XIII\u00a0 \u043f\u043e XVI \u0432\u0435\u043a (\u043d\u0435\u043a\u043e\u0442\u043e\u0440\u044b\u0435 \u0437\u0434\u0430\u043d\u0438\u044f, \u043a\u0430\u043a \u0438 \u0441\u0430\u043c \u0434\u0432\u043e\u0440\u0435\u0446, \u0431\u044b\u043b\u0438 \u043f\u043e\u0441\u0442\u0440\u043e\u0435\u043d\u044b \u0432 \u043d\u0430\u0447\u0430\u043b\u0435 XV \u0432\u0435\u043a\u0430 \u043f\u0440\u0438 \u0448\u0438\u0440\u0432\u0430\u043d\u0448\u0430\u0445\u0435 \u0425\u0430\u043b\u0438\u043b-\u0443\u043b\u043b\u0435 I). \u041f\u043e\u0441\u0442\u0440\u043e\u0439\u043a\u0430 \u0434\u0432\u043e\u0440\u0446\u0430 \u0431\u044b\u043b\u0430 \u0441\u0432\u044f\u0437\u0430\u043d\u0430 \u0441 \u043f\u0435\u0440\u0435\u043d\u043e\u0441\u043e\u043c \u0441\u0442\u043e\u043b\u0438\u0446\u044b \u0433\u043e\u0441\u0443\u0434\u0430\u0440\u0441\u0442\u0432\u0430 \u0428\u0438\u0440\u0432\u0430\u043d\u0448\u0430\u0445\u043e\u0432 \u0438\u0437 \u0428\u0435\u043c\u0430\u0445\u0438 \u0432 \u0411\u0430\u043a\u0443.<\/p>\n<p><img loading=\"lazy\" decoding=\"async\" class=\"alignleft wp-image-2194 size-thumbnail\" src=\"http:\/\/benefitravel.com\/wp-content\/uploads\/2017\/02\/Baku1-2-150x150.jpg\" width=\"150\" height=\"150\" data-id=\"2194\" srcset=\"https:\/\/benefitravel.com\/wp-content\/uploads\/2017\/02\/Baku1-2-150x150.jpg 150w, https:\/\/benefitravel.com\/wp-content\/uploads\/2017\/02\/Baku1-2-300x300.jpg 300w, https:\/\/benefitravel.com\/wp-content\/uploads\/2017\/02\/Baku1-2-100x100.jpg 100w\" sizes=\"auto, (max-width: 150px) 100vw, 150px\" \/><img loading=\"lazy\" decoding=\"async\" class=\"alignleft wp-image-2410 size-thumbnail\" src=\"http:\/\/benefitravel.com\/wp-content\/uploads\/2017\/02\/qq-150x150.jpg\" width=\"150\" height=\"150\" data-id=\"2410\" srcset=\"https:\/\/benefitravel.com\/wp-content\/uploads\/2017\/02\/qq-150x150.jpg 150w, https:\/\/benefitravel.com\/wp-content\/uploads\/2017\/02\/qq-300x300.jpg 300w, https:\/\/benefitravel.com\/wp-content\/uploads\/2017\/02\/qq-100x100.jpg 100w\" sizes=\"auto, (max-width: 150px) 100vw, 150px\" \/><img loading=\"lazy\" decoding=\"async\" class=\"alignleft wp-image-2196 size-thumbnail\" src=\"http:\/\/benefitravel.com\/wp-content\/uploads\/2017\/02\/\u015eirvan\u015fahlar-150x150.jpg\" width=\"150\" height=\"150\" data-id=\"2196\" \/> <img loading=\"lazy\" decoding=\"async\" class=\"alignleft wp-image-2197 size-thumbnail\" src=\"http:\/\/benefitravel.com\/wp-content\/uploads\/2017\/02\/\u015eirvan\u015fahlar2-150x150.jpg\" width=\"150\" height=\"150\" data-id=\"2197\" \/><img loading=\"lazy\" decoding=\"async\" class=\"alignleft wp-image-2414 size-thumbnail\" src=\"http:\/\/benefitravel.com\/wp-content\/uploads\/2017\/02\/\u015f\u015f-150x150.jpg\" width=\"150\" height=\"150\" data-id=\"2414\" \/> <img loading=\"lazy\" decoding=\"async\" class=\"alignleft wp-image-2415 size-thumbnail\" src=\"http:\/\/benefitravel.com\/wp-content\/uploads\/2017\/02\/\u015f\u015f2-150x150.jpg\" width=\"150\" height=\"150\" data-id=\"2415\" \/><\/p>\n<span class=\"kt-load-after-post\"><\/span>","protected":false},"excerpt":{"rendered":"<p>\u041a\u0440\u0430\u0441\u043e\u0442\u0430, \u0441\u043e\u0437\u0434\u0430\u043d\u043d\u0430\u044f \u0440\u0443\u043a\u0430\u043c\u0438 \u0447\u0435\u043b\u043e\u0432\u0435\u043a\u0430, \u043e\u0431\u043b\u0430\u0434\u0430\u0435\u0442 \u0443\u0434\u0438\u0432\u0438\u0442\u0435\u043b\u044c\u043d\u044b\u043c\u0438 \u0441\u0432\u043e\u0439\u0441\u0442\u0432\u0430\u043c\u0438,\u00a0 \u043a\u0430\u043a\u00a0 \u043f\u043e\u0441\u0442\u0438\u0436\u0435\u043d\u0438\u0435\u00a0 \u0441\u043c\u044b\u0441\u043b\u0430\u00a0 \u0441\u043e\u0431\u0441\u0442\u0432\u0435\u043d\u043d\u043e\u0433\u043e\u00a0 \u0431\u044b\u0442\u0438\u044f\u00a0 \u0438\u00a0 \u0434\u0443\u0445\u043e\u0432\u043d\u043e\u0433\u043e\u00a0 \u043c\u0438\u0440\u0430,\u00a0 \u0432\u00a0 \u043e\u0441\u043d\u043e\u0432\u043d\u043e\u043c,\u00a0 \u043e\u043d\u0430\u00a0 \u0434\u043b\u044f\u00a0 \u043a\u0430\u0436\u0434\u043e\u0433\u043e\u00a0 \u0447\u0435\u043b\u043e\u0432\u0435\u043a\u0430\u00a0 \u0441\u0432\u043e\u044f,\u00a0 \u0441\u00a0 \u0441\u043e\u0431\u0441\u0442\u0432\u0435\u043d\u043d\u044b\u043c \u00a0\u0432\u043a\u0443\u0441\u043e\u043c\u00a0 \u0438\u00a0 \u043f\u0440\u0435\u0434\u043f\u043e\u0447\u0442\u0435\u043d\u0438\u044f\u043c\u0438.\u00a0 \u041d\u043e\u00a0 \u0435\u0441\u0442\u044c\u00a0 \u0438 \u043e\u0431\u0449\u0435\u043f\u0440\u0438\u043d\u044f\u0442\u044b\u0435\u00a0 \u0448\u0435\u0434\u0435\u0432\u0440\u044b\u00a0 \u0441\u043e\u0437\u0434\u0430\u043d\u0438\u044f\u00a0 \u0440\u0443\u043a\u00a0 \u0447\u0435\u043b\u043e\u0432\u0435\u0447\u0435\u0441\u043a\u0438\u0445\u00a0 \u2014 \u00a0\u00a0\u0438\u0445\u00a0 \u043d\u0430\u0437\u044b\u0432\u0430\u044e\u0442\u00a0 \u0447\u0443\u0434\u043e\u00a0 \u0441\u0432\u0435\u0442\u0430. &hellip; <a class=\"kt-excerpt-readmore\" href=\"https:\/\/benefitravel.com\/az\/%d0%ba%d1%80%d0%b0%d1%81%d0%be%d1%82%d0%b0-%d1%81%d0%be%d0%b7%d0%b4%d0%b0%d0%bd%d0%bd%d0%b0%d1%8f-%d1%87%d0%b5%d0%bb%d0%be%d0%b2%d0%b5%d0%ba%d0%be%d0%bc\/\" aria-label=\"\u0130nsan \u0259li il\u0259 yaranm\u0131\u015f g\u00f6z\u0259llikl\u0259r\">Read More<\/a><\/p>\n","protected":false},"author":1,"featured_media":0,"parent":0,"menu_order":0,"comment_status":"closed","ping_status":"closed","template":"page-fullwidth.php","meta":{"footnotes":""},"class_list":["post-1909","page","type-page","status-publish","hentry"],"translation":{"provider":"WPGlobus","version":"3.0.0","language":"az","enabled_languages":["ru","en","az"],"languages":{"ru":{"title":true,"content":true,"excerpt":false},"en":{"title":true,"content":true,"excerpt":false},"az":{"title":true,"content":false,"excerpt":false}}},"_links":{"self":[{"href":"https:\/\/benefitravel.com\/az\/wp-json\/wp\/v2\/pages\/1909","targetHints":{"allow":["GET"]}}],"collection":[{"href":"https:\/\/benefitravel.com\/az\/wp-json\/wp\/v2\/pages"}],"about":[{"href":"https:\/\/benefitravel.com\/az\/wp-json\/wp\/v2\/types\/page"}],"author":[{"embeddable":true,"href":"https:\/\/benefitravel.com\/az\/wp-json\/wp\/v2\/users\/1"}],"replies":[{"embeddable":true,"href":"https:\/\/benefitravel.com\/az\/wp-json\/wp\/v2\/comments?post=1909"}],"version-history":[{"count":19,"href":"https:\/\/benefitravel.com\/az\/wp-json\/wp\/v2\/pages\/1909\/revisions"}],"predecessor-version":[{"id":2412,"href":"https:\/\/benefitravel.com\/az\/wp-json\/wp\/v2\/pages\/1909\/revisions\/2412"}],"wp:attachment":[{"href":"https:\/\/benefitravel.com\/az\/wp-json\/wp\/v2\/media?parent=1909"}],"curies":[{"name":"wp","href":"https:\/\/api.w.org\/{rel}","templated":true}]}}